{"id":9,"date":"2013-11-28T02:42:30","date_gmt":"2013-11-28T02:42:30","guid":{"rendered":"http:\/\/ultimato.com.br\/sites\/a-igreja-autentica\/?page_id=9"},"modified":"2013-11-28T02:50:41","modified_gmt":"2013-11-28T02:50:41","slug":"o-que-disseram","status":"publish","type":"page","link":"https:\/\/ultimato.com.br\/sites\/a-igreja-autentica\/o-que-disseram\/","title":{"rendered":"O que disseram"},"content":{"rendered":"<blockquote><p>Numa \u00e9poca de turbul\u00eancias em torno de como deveria ser a igreja no s\u00e9culo 21, <i>A Igreja Aut\u00eantica<\/i> \u00e9 um livro inspirador, ponderado e muito bem escrito. Enquanto lia, ri, chorei e terminei de joelhos diante de Deus. Recomendo este livro com entusiasmo.<\/p><\/blockquote>\n<p><i>Amy Orr-Ewing, <\/i>autora de<i> Por Que Confiar na B\u00edblia?<\/i><\/p>\n<blockquote><p>A maneira clara como John Stott expressa verdades b\u00edblicas profundas ajudar\u00e1 a igreja a reconquistar seu sentido e identidade. \u00c9 maravilhoso ter esse recurso \u00e0 nossa disposi\u00e7\u00e3o neste est\u00e1gio da hist\u00f3ria da igreja.<\/p><\/blockquote>\n<p><i>Frank Retief<\/i>, bispo presidente da Igreja da Inglaterra na \u00c1frica do Sul<\/p>\n<blockquote><p>Exposi\u00e7\u00e3o b\u00edblica fiel e rigorosa, clareza cristalina, aplica\u00e7\u00f5es contempor\u00e2neas cheias de vigor e grande sabedoria.<\/p><\/blockquote>\n<p><i>Vaughan Roberts<\/i>, reitor da Igreja de St. Ebbe, Oxford<\/p>\n<blockquote><p><i>A Igreja Aut\u00eantica<\/i> estabelece as bases para uma abordagem biblicamente equilibrada para o minist\u00e9rio, que \u00e9 abrangente em seu escopo e apresentada com a clareza caracter\u00edstica de John Stott. Um recurso valioso para os l\u00edderes da igreja que buscam revitalizar igrejas existentes e tamb\u00e9m para as novas comunidades.<\/p><\/blockquote>\n<p><i>Eddie Gibbs<\/i>, Semin\u00e1rio Teol\u00f3gico Fuller<\/p>\n<blockquote><p>Os jovens pastores que amam a Igreja de Jesus Cristo ser\u00e3o aben\u00e7oados por este presente oportuno de uma das vozes evang\u00e9licas mais importantes.<\/p><\/blockquote>\n<p><i>Mark Driscoll<\/i>, Mars Hill<\/p>\n<blockquote><p>Este pequeno e bem organizado livro \u00e9, talvez, o mais \u00fatil para os cl\u00e9rigos e leigos que est\u00e3o diretamente envolvidos no minist\u00e9rio.<\/p><\/blockquote>\n<p><i>Publishers Weekly<\/i><\/p>\n","protected":false},"excerpt":{"rendered":"<p>Numa \u00e9poca de turbul\u00eancias em torno de como deveria ser a igreja no s\u00e9culo 21, A Igreja Aut\u00eantica \u00e9 um livro inspirador, ponderado e muito bem escrito. Enquanto lia, ri, chorei e terminei de joelhos diante de Deus. Recomendo este livro com entusiasmo. Amy Orr-Ewing, autora de Por Que Confiar na B\u00edblia? A maneira clara [&hellip;]<\/p>\n","protected":false},"author":24,"featured_media":0,"parent":0,"menu_order":2,"comment_status":"open","ping_status":"open","template":"","meta":{"footnotes":""},"class_list":["post-9","page","type-page","status-publish","hentry"],"_links":{"self":[{"href":"https:\/\/ultimato.com.br\/sites\/a-igreja-autentica\/wp-json\/wp\/v2\/pages\/9","targetHints":{"allow":["GET"]}}],"collection":[{"href":"https:\/\/ultimato.com.br\/sites\/a-igreja-autentica\/wp-json\/wp\/v2\/pages"}],"about":[{"href":"https:\/\/ultimato.com.br\/sites\/a-igreja-autentica\/wp-json\/wp\/v2\/types\/page"}],"author":[{"embeddable":true,"href":"https:\/\/ultimato.com.br\/sites\/a-igreja-autentica\/wp-json\/wp\/v2\/users\/24"}],"replies":[{"embeddable":true,"href":"https:\/\/ultimato.com.br\/sites\/a-igreja-autentica\/wp-json\/wp\/v2\/comments?post=9"}],"version-history":[{"count":4,"href":"https:\/\/ultimato.com.br\/sites\/a-igreja-autentica\/wp-json\/wp\/v2\/pages\/9\/revisions"}],"predecessor-version":[{"id":34,"href":"https:\/\/ultimato.com.br\/sites\/a-igreja-autentica\/wp-json\/wp\/v2\/pages\/9\/revisions\/34"}],"wp:attachment":[{"href":"https:\/\/ultimato.com.br\/sites\/a-igreja-autentica\/wp-json\/wp\/v2\/media?parent=9"}],"curies":[{"name":"wp","href":"https:\/\/api.w.org\/{rel}","templated":true}]}}