{"id":5,"date":"2013-11-28T02:42:06","date_gmt":"2013-11-28T02:42:06","guid":{"rendered":"http:\/\/ultimato.com.br\/sites\/a-igreja-autentica\/?page_id=5"},"modified":"2013-11-28T02:48:10","modified_gmt":"2013-11-28T02:48:10","slug":"o-livro","status":"publish","type":"page","link":"https:\/\/ultimato.com.br\/sites\/a-igreja-autentica\/","title":{"rendered":"O Livro"},"content":{"rendered":"<p>&nbsp;<\/p>\n<p>O QUE VOC\u00ca MUDARIA NA SUA IGREJA?<\/p>\n<p>COMO LIDAR COM AS MUDAN\u00c7AS CULTURAIS?<\/p>\n<p>Para John Stott, precisamos come\u00e7ar com os fundamentos b\u00edblicos e depois aplic\u00e1-los \u00e0 cultura. <b>A Igreja Aut\u00eantica<\/b> apresenta esses fundamentos essenciais, que devem estar presentes nas igrejas em todo tempo e lugar.<\/p>\n<p>O conhecido te\u00f3logo e escritor ingl\u00eas, com o cora\u00e7\u00e3o de pastor e a habilidade de mestre, desvenda a sabedoria b\u00edblica e a torna pr\u00e1tica para todos os que enfrentam os desafios de ser e viver nas igrejas dos nossos dias.<\/p>\n<blockquote><p>\u00a0Tenho contado com os livros de John Stott por d\u00e9cadas, como alimento e tamb\u00e9m como guia pr\u00e1tico para a vida crist\u00e3. <b>A Igreja Aut\u00eantica<\/b> \u00e9 um livro extremamente \u00fatil para discernir as quest\u00f5es controvertidas dos tempos modernos.<\/p><\/blockquote>\n<p><i>Timothy Keller<\/i><\/p>\n","protected":false},"excerpt":{"rendered":"<p>&nbsp; O QUE VOC\u00ca MUDARIA NA SUA IGREJA? COMO LIDAR COM AS MUDAN\u00c7AS CULTURAIS? Para John Stott, precisamos come\u00e7ar com os fundamentos b\u00edblicos e depois aplic\u00e1-los \u00e0 cultura. A Igreja Aut\u00eantica apresenta esses fundamentos essenciais, que devem estar presentes nas igrejas em todo tempo e lugar. O conhecido te\u00f3logo e escritor ingl\u00eas, com o cora\u00e7\u00e3o [&hellip;]<\/p>\n","protected":false},"author":24,"featured_media":0,"parent":0,"menu_order":0,"comment_status":"open","ping_status":"open","template":"","meta":{"footnotes":""},"class_list":["post-5","page","type-page","status-publish","hentry"],"_links":{"self":[{"href":"https:\/\/ultimato.com.br\/sites\/a-igreja-autentica\/wp-json\/wp\/v2\/pages\/5","targetHints":{"allow":["GET"]}}],"collection":[{"href":"https:\/\/ultimato.com.br\/sites\/a-igreja-autentica\/wp-json\/wp\/v2\/pages"}],"about":[{"href":"https:\/\/ultimato.com.br\/sites\/a-igreja-autentica\/wp-json\/wp\/v2\/types\/page"}],"author":[{"embeddable":true,"href":"https:\/\/ultimato.com.br\/sites\/a-igreja-autentica\/wp-json\/wp\/v2\/users\/24"}],"replies":[{"embeddable":true,"href":"https:\/\/ultimato.com.br\/sites\/a-igreja-autentica\/wp-json\/wp\/v2\/comments?post=5"}],"version-history":[{"count":3,"href":"https:\/\/ultimato.com.br\/sites\/a-igreja-autentica\/wp-json\/wp\/v2\/pages\/5\/revisions"}],"predecessor-version":[{"id":29,"href":"https:\/\/ultimato.com.br\/sites\/a-igreja-autentica\/wp-json\/wp\/v2\/pages\/5\/revisions\/29"}],"wp:attachment":[{"href":"https:\/\/ultimato.com.br\/sites\/a-igreja-autentica\/wp-json\/wp\/v2\/media?parent=5"}],"curies":[{"name":"wp","href":"https:\/\/api.w.org\/{rel}","templated":true}]}}