{"id":17,"date":"2013-11-28T02:43:25","date_gmt":"2013-11-28T02:43:25","guid":{"rendered":"http:\/\/ultimato.com.br\/sites\/a-igreja-autentica\/?page_id=17"},"modified":"2013-12-02T12:10:44","modified_gmt":"2013-12-02T12:10:44","slug":"release","status":"publish","type":"page","link":"https:\/\/ultimato.com.br\/sites\/a-igreja-autentica\/extras\/release\/","title":{"rendered":"Release"},"content":{"rendered":"<p>Aqui est\u00e1 o press-release do livro <strong><em>A Igreja Aut\u00eantica<\/em><\/strong> para voc\u00ea divulgar no seu site, blog, jornal ou outro meio de comunica\u00e7\u00e3o do seu acesso. Ajude-nos a espalhar este conte\u00fado.<\/p>\n<p>&#8211; Arquivo em <a href=\"http:\/\/ultimato.com.br\/sites\/a-igreja-autentica\/files\/2013\/11\/Release_Igreja_Autentica_Dez_2013.pdf\">PDF<\/a>.<\/p>\n","protected":false},"excerpt":{"rendered":"<p>Aqui est\u00e1 o press-release do livro A Igreja Aut\u00eantica para voc\u00ea divulgar no seu site, blog, jornal ou outro meio de comunica\u00e7\u00e3o do seu acesso. Ajude-nos a espalhar este conte\u00fado. &#8211; Arquivo em PDF.<\/p>\n","protected":false},"author":24,"featured_media":0,"parent":11,"menu_order":2,"comment_status":"open","ping_status":"open","template":"","meta":{"footnotes":""},"class_list":["post-17","page","type-page","status-publish","hentry"],"_links":{"self":[{"href":"https:\/\/ultimato.com.br\/sites\/a-igreja-autentica\/wp-json\/wp\/v2\/pages\/17","targetHints":{"allow":["GET"]}}],"collection":[{"href":"https:\/\/ultimato.com.br\/sites\/a-igreja-autentica\/wp-json\/wp\/v2\/pages"}],"about":[{"href":"https:\/\/ultimato.com.br\/sites\/a-igreja-autentica\/wp-json\/wp\/v2\/types\/page"}],"author":[{"embeddable":true,"href":"https:\/\/ultimato.com.br\/sites\/a-igreja-autentica\/wp-json\/wp\/v2\/users\/24"}],"replies":[{"embeddable":true,"href":"https:\/\/ultimato.com.br\/sites\/a-igreja-autentica\/wp-json\/wp\/v2\/comments?post=17"}],"version-history":[{"count":4,"href":"https:\/\/ultimato.com.br\/sites\/a-igreja-autentica\/wp-json\/wp\/v2\/pages\/17\/revisions"}],"predecessor-version":[{"id":67,"href":"https:\/\/ultimato.com.br\/sites\/a-igreja-autentica\/wp-json\/wp\/v2\/pages\/17\/revisions\/67"}],"up":[{"embeddable":true,"href":"https:\/\/ultimato.com.br\/sites\/a-igreja-autentica\/wp-json\/wp\/v2\/pages\/11"}],"wp:attachment":[{"href":"https:\/\/ultimato.com.br\/sites\/a-igreja-autentica\/wp-json\/wp\/v2\/media?parent=17"}],"curies":[{"name":"wp","href":"https:\/\/api.w.org\/{rel}","templated":true}]}}