{"id":71,"date":"2012-07-09T15:58:46","date_gmt":"2012-07-09T18:58:46","guid":{"rendered":"http:\/\/ultimato.com.br\/sites\/a-biblia-toda\/?page_id=71"},"modified":"2012-07-09T16:01:49","modified_gmt":"2012-07-09T19:01:49","slug":"divulgue-a-ideia","status":"publish","type":"page","link":"https:\/\/ultimato.com.br\/sites\/a-biblia-toda\/extras\/divulgue-a-ideia\/","title":{"rendered":"Divulgue a ideia"},"content":{"rendered":"<p><strong>Banner 120\u00d760<\/strong><\/p>\n<p><a href=\"http:\/\/ultimato.com.br\/sites\/a-biblia-toda\/files\/2012\/07\/bannerE_abtoat.gif\"><img loading=\"lazy\" decoding=\"async\" class=\"aligncenter size-full wp-image-72\" title=\"bannerE_abtoat\" src=\"http:\/\/ultimato.com.br\/sites\/a-biblia-toda\/files\/2012\/07\/bannerE_abtoat.gif\" alt=\"\" width=\"120\" height=\"60\" \/><\/a><\/p>\n<p><em>C\u00f3digo de incorpora\u00e7\u00e3o:<\/em> &lt;a href=\u201d<a href=\"http:\/\/ultimato.com.br\/sites\/a-biblia-toda\/\">http:\/\/ultimato.com.br\/sites\/a-biblia-toda\/<\/a>\u201d target=\u201d_blank\u201d title=\u201dA B\u00edblia Toda, o Ano Todo\u201d&gt;&lt;img style=\u201dborder: 0px initial initial;\u201d title=\u201dBanner 120\u00d760\u2033 src=\u201dhttp:\/\/ultimato.com.br\/sites\/a-biblia-toda\/files\/2012\/07\/bannerE_abtoat.gif\u201d alt=\u201d&#8221; width=\u201d120\u2033 height=\u201d60\u2033 \/&gt;&lt;\/a&gt;<\/p>\n<p>&nbsp;<\/p>\n<p><strong>Banner 120\u00d7240<\/strong><\/p>\n<p><a href=\"http:\/\/ultimato.com.br\/sites\/a-biblia-toda\/files\/2012\/07\/banerD_abtoat.gif\"><img loading=\"lazy\" decoding=\"async\" class=\"aligncenter size-full wp-image-73\" title=\"banerD_abtoat\" src=\"http:\/\/ultimato.com.br\/sites\/a-biblia-toda\/files\/2012\/07\/banerD_abtoat.gif\" alt=\"\" width=\"120\" height=\"240\" \/><\/a><\/p>\n<p>&nbsp;<\/p>\n<p><em>C\u00f3digo de incorpora\u00e7\u00e3o:<\/em> &lt;a href=\u201d<a href=\"http:\/\/ultimato.com.br\/sites\/a-biblia-toda\/\">http:\/\/ultimato.com.br\/sites\/a-biblia-toda\/<\/a>\u201d target=\u201d_blank\u201d title=\u201dA B\u00edblia Toda, o Ano Todo\u201d&gt;&lt;img style=\u201dborder: 0px initial initial;\u201d title=\u201dBanner 120\u00d7240\u2033 src=\u201dhttp:\/\/ultimato.com.br\/sites\/a-biblia-toda\/files\/2012\/07\/banerD_abtoat.gif\u201d alt=\u201d&#8221; width=\u201d120\u2033 height=\u201d240\u2033 \/&gt;&lt;\/a&gt;<\/p>\n","protected":false},"excerpt":{"rendered":"<p>Banner 120\u00d760 C\u00f3digo de incorpora\u00e7\u00e3o: &lt;a href=\u201dhttp:\/\/ultimato.com.br\/sites\/a-biblia-toda\/\u201d target=\u201d_blank\u201d title=\u201dA B\u00edblia Toda, o Ano Todo\u201d&gt;&lt;img style=\u201dborder: 0px initial initial;\u201d title=\u201dBanner 120\u00d760\u2033 src=\u201dhttp:\/\/ultimato.com.br\/sites\/a-biblia-toda\/files\/2012\/07\/bannerE_abtoat.gif\u201d alt=\u201d&#8221; width=\u201d120\u2033 height=\u201d60\u2033 \/&gt;&lt;\/a&gt; &nbsp; Banner 120\u00d7240 &nbsp; C\u00f3digo de incorpora\u00e7\u00e3o: &lt;a href=\u201dhttp:\/\/ultimato.com.br\/sites\/a-biblia-toda\/\u201d target=\u201d_blank\u201d title=\u201dA B\u00edblia Toda, o Ano Todo\u201d&gt;&lt;img style=\u201dborder: 0px initial initial;\u201d title=\u201dBanner 120\u00d7240\u2033 src=\u201dhttp:\/\/ultimato.com.br\/sites\/a-biblia-toda\/files\/2012\/07\/banerD_abtoat.gif\u201d alt=\u201d&#8221; width=\u201d120\u2033 height=\u201d240\u2033 \/&gt;&lt;\/a&gt;<\/p>\n","protected":false},"author":24,"featured_media":0,"parent":13,"menu_order":4,"comment_status":"open","ping_status":"open","template":"","meta":{"footnotes":""},"class_list":["post-71","page","type-page","status-publish","hentry"],"_links":{"self":[{"href":"https:\/\/ultimato.com.br\/sites\/a-biblia-toda\/wp-json\/wp\/v2\/pages\/71","targetHints":{"allow":["GET"]}}],"collection":[{"href":"https:\/\/ultimato.com.br\/sites\/a-biblia-toda\/wp-json\/wp\/v2\/pages"}],"about":[{"href":"https:\/\/ultimato.com.br\/sites\/a-biblia-toda\/wp-json\/wp\/v2\/types\/page"}],"author":[{"embeddable":true,"href":"https:\/\/ultimato.com.br\/sites\/a-biblia-toda\/wp-json\/wp\/v2\/users\/24"}],"replies":[{"embeddable":true,"href":"https:\/\/ultimato.com.br\/sites\/a-biblia-toda\/wp-json\/wp\/v2\/comments?post=71"}],"version-history":[{"count":4,"href":"https:\/\/ultimato.com.br\/sites\/a-biblia-toda\/wp-json\/wp\/v2\/pages\/71\/revisions"}],"predecessor-version":[{"id":76,"href":"https:\/\/ultimato.com.br\/sites\/a-biblia-toda\/wp-json\/wp\/v2\/pages\/71\/revisions\/76"}],"up":[{"embeddable":true,"href":"https:\/\/ultimato.com.br\/sites\/a-biblia-toda\/wp-json\/wp\/v2\/pages\/13"}],"wp:attachment":[{"href":"https:\/\/ultimato.com.br\/sites\/a-biblia-toda\/wp-json\/wp\/v2\/media?parent=71"}],"curies":[{"name":"wp","href":"https:\/\/api.w.org\/{rel}","templated":true}]}}