{"id":7,"date":"2012-07-02T13:33:03","date_gmt":"2012-07-02T13:33:03","guid":{"rendered":"http:\/\/ultimato.com.br\/sites\/a-biblia-toda\/?page_id=7"},"modified":"2012-07-09T10:25:20","modified_gmt":"2012-07-09T13:25:20","slug":"o-livro","status":"publish","type":"page","link":"https:\/\/ultimato.com.br\/sites\/a-biblia-toda\/","title":{"rendered":"O Livro"},"content":{"rendered":"<p>UM DEVOCION\u00c1RIO PARA COME\u00c7AR A LER EM SETEMBRO<\/p>\n<p>Em <strong>A B\u00edblia Toda, o Ano Todo<\/strong>, somos guiados por John Stott, ao longo do ano, dia a dia, por toda a narrativa b\u00edblica.<\/p>\n<p>Usando o calend\u00e1rio crist\u00e3o como pano de fundo, <em>John Stott <\/em>divide a narrativa b\u00edblica em tr\u00eas partes.<\/p>\n<p>&#8211; A primeira come\u00e7a em setembro e vai at\u00e9 o Natal: da cria\u00e7\u00e3o ao nascimento de Cristo (<em>um panorama do Antigo Testamento<\/em>).<\/p>\n<p>&#8211; A segunda parte vai do in\u00edcio de janeiro at\u00e9 o final de abril: de Jesus Cristo ao Pentecostes (<em>um panorama dos Evangelhos<\/em>).<\/p>\n<p>&#8211; A terceira parte come\u00e7a no in\u00edcio de maio e vai at\u00e9 o final de agosto: uma reflex\u00e3o sobre a vida crist\u00e3 (<em>um panorama do livro de Atos, das Cartas e do Apocalipse<\/em>).<em><\/em><\/p>\n<p><iframe loading=\"lazy\" src=\"http:\/\/www.youtube.com\/embed\/15CDUKQBqdc\" frameborder=\"0\" width=\"336\" height=\"252\"><\/iframe><\/p>\n","protected":false},"excerpt":{"rendered":"<p>UM DEVOCION\u00c1RIO PARA COME\u00c7AR A LER EM SETEMBRO Em A B\u00edblia Toda, o Ano Todo, somos guiados por John Stott, ao longo do ano, dia a dia, por toda a narrativa b\u00edblica. Usando o calend\u00e1rio crist\u00e3o como pano de fundo, John Stott divide a narrativa b\u00edblica em tr\u00eas partes. &#8211; A primeira come\u00e7a em setembro [&hellip;]<\/p>\n","protected":false},"author":24,"featured_media":0,"parent":0,"menu_order":1,"comment_status":"open","ping_status":"open","template":"","meta":{"footnotes":""},"class_list":["post-7","page","type-page","status-publish","hentry"],"_links":{"self":[{"href":"https:\/\/ultimato.com.br\/sites\/a-biblia-toda\/wp-json\/wp\/v2\/pages\/7","targetHints":{"allow":["GET"]}}],"collection":[{"href":"https:\/\/ultimato.com.br\/sites\/a-biblia-toda\/wp-json\/wp\/v2\/pages"}],"about":[{"href":"https:\/\/ultimato.com.br\/sites\/a-biblia-toda\/wp-json\/wp\/v2\/types\/page"}],"author":[{"embeddable":true,"href":"https:\/\/ultimato.com.br\/sites\/a-biblia-toda\/wp-json\/wp\/v2\/users\/24"}],"replies":[{"embeddable":true,"href":"https:\/\/ultimato.com.br\/sites\/a-biblia-toda\/wp-json\/wp\/v2\/comments?post=7"}],"version-history":[{"count":6,"href":"https:\/\/ultimato.com.br\/sites\/a-biblia-toda\/wp-json\/wp\/v2\/pages\/7\/revisions"}],"predecessor-version":[{"id":67,"href":"https:\/\/ultimato.com.br\/sites\/a-biblia-toda\/wp-json\/wp\/v2\/pages\/7\/revisions\/67"}],"wp:attachment":[{"href":"https:\/\/ultimato.com.br\/sites\/a-biblia-toda\/wp-json\/wp\/v2\/media?parent=7"}],"curies":[{"name":"wp","href":"https:\/\/api.w.org\/{rel}","templated":true}]}}