{"id":11,"date":"2012-07-02T13:33:46","date_gmt":"2012-07-02T13:33:46","guid":{"rendered":"http:\/\/ultimato.com.br\/sites\/a-biblia-toda\/?page_id=11"},"modified":"2012-07-09T09:24:30","modified_gmt":"2012-07-09T12:24:30","slug":"o-que-disseram","status":"publish","type":"page","link":"https:\/\/ultimato.com.br\/sites\/a-biblia-toda\/o-que-disseram\/","title":{"rendered":"O que disseram"},"content":{"rendered":"<blockquote><p><span style=\"color: #888888;\">N\u00e3o conhe\u00e7o ningu\u00e9m que tenha sido mais feliz em apresentar a vis\u00e3o b\u00edblica para tantas pessoas do que John Stott.<\/span><\/p><\/blockquote>\n<p style=\"text-align: right;\">\u2014 Billy Graham<\/p>\n<p>&nbsp;<\/p>\n<blockquote><p>A miss\u00e3o de Stott \u00e9 romper todas as barreiras e compartilhar um contato direto com Jesus.<\/p><\/blockquote>\n<p style=\"text-align: right;\">\u2014 The New York Times<\/p>\n","protected":false},"excerpt":{"rendered":"<p>N\u00e3o conhe\u00e7o ningu\u00e9m que tenha sido mais feliz em apresentar a vis\u00e3o b\u00edblica para tantas pessoas do que John Stott. \u2014 Billy Graham &nbsp; A miss\u00e3o de Stott \u00e9 romper todas as barreiras e compartilhar um contato direto com Jesus. \u2014 The New York Times<\/p>\n","protected":false},"author":24,"featured_media":0,"parent":0,"menu_order":3,"comment_status":"open","ping_status":"open","template":"","meta":{"footnotes":""},"class_list":["post-11","page","type-page","status-publish","hentry"],"_links":{"self":[{"href":"https:\/\/ultimato.com.br\/sites\/a-biblia-toda\/wp-json\/wp\/v2\/pages\/11","targetHints":{"allow":["GET"]}}],"collection":[{"href":"https:\/\/ultimato.com.br\/sites\/a-biblia-toda\/wp-json\/wp\/v2\/pages"}],"about":[{"href":"https:\/\/ultimato.com.br\/sites\/a-biblia-toda\/wp-json\/wp\/v2\/types\/page"}],"author":[{"embeddable":true,"href":"https:\/\/ultimato.com.br\/sites\/a-biblia-toda\/wp-json\/wp\/v2\/users\/24"}],"replies":[{"embeddable":true,"href":"https:\/\/ultimato.com.br\/sites\/a-biblia-toda\/wp-json\/wp\/v2\/comments?post=11"}],"version-history":[{"count":6,"href":"https:\/\/ultimato.com.br\/sites\/a-biblia-toda\/wp-json\/wp\/v2\/pages\/11\/revisions"}],"predecessor-version":[{"id":64,"href":"https:\/\/ultimato.com.br\/sites\/a-biblia-toda\/wp-json\/wp\/v2\/pages\/11\/revisions\/64"}],"wp:attachment":[{"href":"https:\/\/ultimato.com.br\/sites\/a-biblia-toda\/wp-json\/wp\/v2\/media?parent=11"}],"curies":[{"name":"wp","href":"https:\/\/api.w.org\/{rel}","templated":true}]}}