{"id":9,"date":"2013-10-03T13:02:21","date_gmt":"2013-10-03T13:02:21","guid":{"rendered":"http:\/\/ultimato.com.br\/sites\/25-livros-que-todo-cristao-deveria-ler\/?page_id=9"},"modified":"2013-10-03T14:06:46","modified_gmt":"2013-10-03T14:06:46","slug":"estrutura-do-livro","status":"publish","type":"page","link":"https:\/\/ultimato.com.br\/sites\/25-livros-que-todo-cristao-deveria-ler\/o-livro\/estrutura-do-livro\/","title":{"rendered":"Estrutura do livro"},"content":{"rendered":"<p>&nbsp;<\/p>\n<p>&#8211; Introdu\u00e7\u00e3o, contexto do autor e sua obra, principais temas.<\/p>\n<p>&#8211; Por que o livro selecionado \u00e9 essencial.<\/p>\n<p>&#8211; Orienta\u00e7\u00f5es e estrat\u00e9gias de leitura da obra.<\/p>\n<p>&#8211; Sele\u00e7\u00e3o de extratos-chave da obra que representam a sua totalidade.<\/p>\n<p>&#8211; Guia de estudo com perguntas para reflex\u00e3o individual ou estudo em grupo<\/p>\n<p>&#8211; Recomenda\u00e7\u00e3o dos 5 livros mais importantes na opini\u00e3o de 25 l\u00edderes e pensadores crist\u00e3os. No total, s\u00e3o 125 recomenda\u00e7\u00f5es de leitura.<\/p>\n<p>&#8211; Autores contempor\u00e2neos indicados pelo conselho editorial como melhor guia atual<\/p>\n<p>para viver uma vida com Deus.<\/p>\n","protected":false},"excerpt":{"rendered":"<p>&nbsp; &#8211; Introdu\u00e7\u00e3o, contexto do autor e sua obra, principais temas. &#8211; Por que o livro selecionado \u00e9 essencial. &#8211; Orienta\u00e7\u00f5es e estrat\u00e9gias de leitura da obra. &#8211; Sele\u00e7\u00e3o de extratos-chave da obra que representam a sua totalidade. &#8211; Guia de estudo com perguntas para reflex\u00e3o individual ou estudo em grupo &#8211; Recomenda\u00e7\u00e3o dos 5 [&hellip;]<\/p>\n","protected":false},"author":24,"featured_media":0,"parent":5,"menu_order":2,"comment_status":"open","ping_status":"open","template":"","meta":{"footnotes":""},"class_list":["post-9","page","type-page","status-publish","hentry"],"_links":{"self":[{"href":"https:\/\/ultimato.com.br\/sites\/25-livros-que-todo-cristao-deveria-ler\/wp-json\/wp\/v2\/pages\/9","targetHints":{"allow":["GET"]}}],"collection":[{"href":"https:\/\/ultimato.com.br\/sites\/25-livros-que-todo-cristao-deveria-ler\/wp-json\/wp\/v2\/pages"}],"about":[{"href":"https:\/\/ultimato.com.br\/sites\/25-livros-que-todo-cristao-deveria-ler\/wp-json\/wp\/v2\/types\/page"}],"author":[{"embeddable":true,"href":"https:\/\/ultimato.com.br\/sites\/25-livros-que-todo-cristao-deveria-ler\/wp-json\/wp\/v2\/users\/24"}],"replies":[{"embeddable":true,"href":"https:\/\/ultimato.com.br\/sites\/25-livros-que-todo-cristao-deveria-ler\/wp-json\/wp\/v2\/comments?post=9"}],"version-history":[{"count":2,"href":"https:\/\/ultimato.com.br\/sites\/25-livros-que-todo-cristao-deveria-ler\/wp-json\/wp\/v2\/pages\/9\/revisions"}],"predecessor-version":[{"id":35,"href":"https:\/\/ultimato.com.br\/sites\/25-livros-que-todo-cristao-deveria-ler\/wp-json\/wp\/v2\/pages\/9\/revisions\/35"}],"up":[{"embeddable":true,"href":"https:\/\/ultimato.com.br\/sites\/25-livros-que-todo-cristao-deveria-ler\/wp-json\/wp\/v2\/pages\/5"}],"wp:attachment":[{"href":"https:\/\/ultimato.com.br\/sites\/25-livros-que-todo-cristao-deveria-ler\/wp-json\/wp\/v2\/media?parent=9"}],"curies":[{"name":"wp","href":"https:\/\/api.w.org\/{rel}","templated":true}]}}