{"id":7,"date":"2013-10-03T13:02:08","date_gmt":"2013-10-03T13:02:08","guid":{"rendered":"http:\/\/ultimato.com.br\/sites\/25-livros-que-todo-cristao-deveria-ler\/?page_id=7"},"modified":"2013-10-03T14:06:43","modified_gmt":"2013-10-03T14:06:43","slug":"os-25-livros","status":"publish","type":"page","link":"https:\/\/ultimato.com.br\/sites\/25-livros-que-todo-cristao-deveria-ler\/o-livro\/os-25-livros\/","title":{"rendered":"Os 25 livros"},"content":{"rendered":"<p>&nbsp;<\/p>\n<p><i>Sobre a Encarna\u00e7\u00e3o<\/i>, Santo Atan\u00e1sio;<\/p>\n<p><i>Confiss\u00f5es<\/i>, Santo Agostinho;<\/p>\n<p><i>Ditos dos Pais do Deserto<\/i>, V\u00e1rios;<\/p>\n<p><i>A Regra de S\u00e3o Benedito<\/i>,<i> <\/i>S\u00e3o Benedito;<\/p>\n<p><i>A Divina Com\u00e9dia<\/i>, Dante Alighieri;<i> <\/i><\/p>\n<p><i>A Nuvem do N\u00e3o-Saber<\/i>, An\u00f4nimo;<i> <\/i><\/p>\n<p><i>Revela\u00e7\u00f5es do Amor Divino (Exibi\u00e7\u00f5es)<\/i>,<i> <\/i>Juliana de Norwich;<\/p>\n<p><i>Imita\u00e7\u00e3o de Cristo<\/i>, Thomas de Kempis;<i> <\/i><\/p>\n<p><i>Filocalia<\/i>, V\u00e1rios;<i> <\/i><\/p>\n<p><i>As Institutas<\/i>, Jo\u00e3o Calvino;<i> <\/i><\/p>\n<p><i>Castelo Interior ou Moradas<\/i>, Santa Teresa de \u00c1vila;<i> <\/i><\/p>\n<p><i>A Noite Escura da Alma<\/i>, S\u00e3o Jo\u00e3o da Cruz;<i> <\/i><\/p>\n<p><i>Pensamentos<\/i>, Blaise Pascal;<\/p>\n<p><i>O Peregrino<\/i>, John Bunyan;<i> <\/i><\/p>\n<p><i>A Pr\u00e1tica da Presen\u00e7a de Deus<\/i>, Irm\u00e3o Louren\u00e7o;<i> <\/i><\/p>\n<p><i>Um S\u00e9rio Chamado a uma Vida Devota e Santa<\/i>, William Law;<\/p>\n<p><i>O Caminho de um Peregrino<\/i>, Autor desconhecido;<\/p>\n<p><i>Os Irm\u00e3os Karam\u00e1zov<\/i>, Fi\u00f3dor Dostoi\u00e9vski;<\/p>\n<p><i>Ortodoxia<\/i>, G. K. Chesterton;<\/p>\n<p><i>A Poesia de Gerard Manley Hopkins<\/i>;<i> <\/i><\/p>\n<p><i>Discipulado<\/i>, Dietrich Bonhoeffer;<\/p>\n<p><i>Testamento sobre Devo\u00e7\u00e3o<\/i>, Thomas R. Kelly;<\/p>\n<p><i>A Montanha dos Sete Patamares<\/i>, Thomas Merton;<\/p>\n<p><i>Cristianismo Puro e Simples<\/i>, C. S. Lewis;<i> <\/i><\/p>\n<p><i>A Volta do Filho Pr\u00f3digo<\/i>, Henri J. M. Nouwen.<\/p>\n","protected":false},"excerpt":{"rendered":"<p>&nbsp; Sobre a Encarna\u00e7\u00e3o, Santo Atan\u00e1sio; Confiss\u00f5es, Santo Agostinho; Ditos dos Pais do Deserto, V\u00e1rios; A Regra de S\u00e3o Benedito, S\u00e3o Benedito; A Divina Com\u00e9dia, Dante Alighieri; A Nuvem do N\u00e3o-Saber, An\u00f4nimo; Revela\u00e7\u00f5es do Amor Divino (Exibi\u00e7\u00f5es), Juliana de Norwich; Imita\u00e7\u00e3o de Cristo, Thomas de Kempis; Filocalia, V\u00e1rios; As Institutas, Jo\u00e3o Calvino; Castelo Interior ou [&hellip;]<\/p>\n","protected":false},"author":24,"featured_media":0,"parent":5,"menu_order":1,"comment_status":"open","ping_status":"open","template":"","meta":{"footnotes":""},"class_list":["post-7","page","type-page","status-publish","hentry"],"_links":{"self":[{"href":"https:\/\/ultimato.com.br\/sites\/25-livros-que-todo-cristao-deveria-ler\/wp-json\/wp\/v2\/pages\/7","targetHints":{"allow":["GET"]}}],"collection":[{"href":"https:\/\/ultimato.com.br\/sites\/25-livros-que-todo-cristao-deveria-ler\/wp-json\/wp\/v2\/pages"}],"about":[{"href":"https:\/\/ultimato.com.br\/sites\/25-livros-que-todo-cristao-deveria-ler\/wp-json\/wp\/v2\/types\/page"}],"author":[{"embeddable":true,"href":"https:\/\/ultimato.com.br\/sites\/25-livros-que-todo-cristao-deveria-ler\/wp-json\/wp\/v2\/users\/24"}],"replies":[{"embeddable":true,"href":"https:\/\/ultimato.com.br\/sites\/25-livros-que-todo-cristao-deveria-ler\/wp-json\/wp\/v2\/comments?post=7"}],"version-history":[{"count":3,"href":"https:\/\/ultimato.com.br\/sites\/25-livros-que-todo-cristao-deveria-ler\/wp-json\/wp\/v2\/pages\/7\/revisions"}],"predecessor-version":[{"id":36,"href":"https:\/\/ultimato.com.br\/sites\/25-livros-que-todo-cristao-deveria-ler\/wp-json\/wp\/v2\/pages\/7\/revisions\/36"}],"up":[{"embeddable":true,"href":"https:\/\/ultimato.com.br\/sites\/25-livros-que-todo-cristao-deveria-ler\/wp-json\/wp\/v2\/pages\/5"}],"wp:attachment":[{"href":"https:\/\/ultimato.com.br\/sites\/25-livros-que-todo-cristao-deveria-ler\/wp-json\/wp\/v2\/media?parent=7"}],"curies":[{"name":"wp","href":"https:\/\/api.w.org\/{rel}","templated":true}]}}