{"id":5,"date":"2013-10-03T13:01:53","date_gmt":"2013-10-03T13:01:53","guid":{"rendered":"http:\/\/ultimato.com.br\/sites\/25-livros-que-todo-cristao-deveria-ler\/?page_id=5"},"modified":"2013-10-22T17:49:57","modified_gmt":"2013-10-22T17:49:57","slug":"o-livro","status":"publish","type":"page","link":"https:\/\/ultimato.com.br\/sites\/25-livros-que-todo-cristao-deveria-ler\/","title":{"rendered":"O livro"},"content":{"rendered":"<p><a href=\"http:\/\/ultimato.com.br\/sites\/25-livros-que-todo-cristao-deveria-ler\/files\/2013\/10\/concurso_251.jpg\"><img loading=\"lazy\" decoding=\"async\" class=\"alignnone size-full wp-image-85\" alt=\"concurso_25_resultado\" src=\"http:\/\/ultimato.com.br\/sites\/25-livros-que-todo-cristao-deveria-ler\/files\/2013\/10\/concurso_251.jpg\" width=\"600\" height=\"377\" srcset=\"https:\/\/ultimato.com.br\/sites\/25-livros-que-todo-cristao-deveria-ler\/files\/2013\/10\/concurso_251.jpg 600w, https:\/\/ultimato.com.br\/sites\/25-livros-que-todo-cristao-deveria-ler\/files\/2013\/10\/concurso_251-300x188.jpg 300w\" sizes=\"auto, (max-width: 600px) 100vw, 600px\" \/><\/a><\/p>\n<p>_________________________________________________________________________________________________________________________<\/p>\n<p><i>Muito obrigado por participar do sorteio do lan\u00e7amento <\/i><strong>25 Livros Que Todo Crist\u00e3o Deveria Ler<\/strong><i>.<br \/>\nO sorteio foi realizado no dia 22 de outubro \u00e0s 17h30 pelo site\u00a0<a href=\"http:\/\/sorteiospt.com\/\">sorteiospt.com<\/a>. O pr\u00eamio ser\u00e1 enviado para o endere\u00e7o do vencedor dentro de uma semana, ap\u00f3s os dados do mesmo ser confirmado.<\/i><\/p>\n<div>_________________________________________________________________________________________________________________________<\/div>\n<p>&nbsp;<\/p>\n<p>25 LIVROS QUE TODO CRIST\u00c3O DEVERIA LER.<\/p>\n<p>Parece pretensioso demais?<\/p>\n<p>Existe <i>algum<\/i> livro mais importante que a B\u00edblia que todo crist\u00e3o deveria ler?<\/p>\n<p>*\u00a0 *\u00a0 *\u00a0 *<\/p>\n<p>Bem, agora imagine encontrar reunidos em um \u00fanico volume, trechos selecionados do que h\u00e1 de melhor entre os livros j\u00e1 escritos sobre a f\u00e9 crist\u00e3, a vida de ora\u00e7\u00e3o e o discipulado?<\/p>\n<p>Al\u00e9m disso, tamb\u00e9m a possibilidade de conhecer o autor e o seu contexto, como aproveitar melhor a leitura daquele cl\u00e1ssico da literatura, qual a sua import\u00e2ncia e n\u00e3o poucas e muito boas raz\u00f5es para <i>voc\u00ea<\/i> ler cada uma das obras selecionadas.<\/p>\n<p><b><i>25 Livros que Todo Crist\u00e3o Deveria Ler<\/i><\/b> \u00e9 um guia confi\u00e1vel para os cl\u00e1ssicos da espiritualidade e uma leitura essencial para todos os crist\u00e3os, exatamente porque seus autores conheceram a Deus \u00edntima e profundamente, e seus escritos pretendem nos levar \u00e0 mesma experi\u00eancia que eles tiveram.<\/p>\n<p>&#8212;&#8212;&#8212;&#8212;-<\/p>\n<blockquote><p>O livro mais importante da vida devocional crist\u00e3 \u00e9, naturalmente, a B\u00edblia. Como escreve Richard Foster, \u201cEla realmente \u00e9 O Livro\u201d.<\/p>\n<p>Nenhum outro livro pode substituir sua primazia para n\u00f3s como crist\u00e3os. A B\u00edblia \u00e9 obra fundamental para a leitura de todos esses 25 livros, assim como a funda\u00e7\u00e3o de uma constru\u00e7\u00e3o permite a criatividade e o funcionamento do edif\u00edcio que est\u00e1 sobre ela.<\/p>\n<p>&nbsp;<\/p><\/blockquote>\n<p><a href=\"http:\/\/ultimato.com.br\/sites\/25-livros-que-todo-cristao-deveria-ler\/o-livro\/os-25-livros\/\" target=\"_blank\"> Conhe\u00e7a os 25 livros <\/a><br \/>\n<a href=\"http:\/\/ultimato.com.br\/sites\/25-livros-que-todo-cristao-deveria-ler\/o-livro\/estrutura-do-livro\/\" target=\"_blank\"> Conhe\u00e7a a estrutura do livro <\/a><\/p>\n","protected":false},"excerpt":{"rendered":"<p>_________________________________________________________________________________________________________________________ Muito obrigado por participar do sorteio do lan\u00e7amento 25 Livros Que Todo Crist\u00e3o Deveria Ler. O sorteio foi realizado no dia 22 de outubro \u00e0s 17h30 pelo site\u00a0sorteiospt.com. O pr\u00eamio ser\u00e1 enviado para o endere\u00e7o do vencedor dentro de uma semana, ap\u00f3s os dados do mesmo ser confirmado. _________________________________________________________________________________________________________________________ &nbsp; 25 LIVROS QUE TODO [&hellip;]<\/p>\n","protected":false},"author":24,"featured_media":0,"parent":0,"menu_order":0,"comment_status":"open","ping_status":"open","template":"","meta":{"footnotes":""},"class_list":["post-5","page","type-page","status-publish","hentry"],"_links":{"self":[{"href":"https:\/\/ultimato.com.br\/sites\/25-livros-que-todo-cristao-deveria-ler\/wp-json\/wp\/v2\/pages\/5","targetHints":{"allow":["GET"]}}],"collection":[{"href":"https:\/\/ultimato.com.br\/sites\/25-livros-que-todo-cristao-deveria-ler\/wp-json\/wp\/v2\/pages"}],"about":[{"href":"https:\/\/ultimato.com.br\/sites\/25-livros-que-todo-cristao-deveria-ler\/wp-json\/wp\/v2\/types\/page"}],"author":[{"embeddable":true,"href":"https:\/\/ultimato.com.br\/sites\/25-livros-que-todo-cristao-deveria-ler\/wp-json\/wp\/v2\/users\/24"}],"replies":[{"embeddable":true,"href":"https:\/\/ultimato.com.br\/sites\/25-livros-que-todo-cristao-deveria-ler\/wp-json\/wp\/v2\/comments?post=5"}],"version-history":[{"count":11,"href":"https:\/\/ultimato.com.br\/sites\/25-livros-que-todo-cristao-deveria-ler\/wp-json\/wp\/v2\/pages\/5\/revisions"}],"predecessor-version":[{"id":86,"href":"https:\/\/ultimato.com.br\/sites\/25-livros-que-todo-cristao-deveria-ler\/wp-json\/wp\/v2\/pages\/5\/revisions\/86"}],"wp:attachment":[{"href":"https:\/\/ultimato.com.br\/sites\/25-livros-que-todo-cristao-deveria-ler\/wp-json\/wp\/v2\/media?parent=5"}],"curies":[{"name":"wp","href":"https:\/\/api.w.org\/{rel}","templated":true}]}}