{"id":25,"date":"2013-10-03T13:04:28","date_gmt":"2013-10-03T13:04:28","guid":{"rendered":"http:\/\/ultimato.com.br\/sites\/25-livros-que-todo-cristao-deveria-ler\/?page_id=25"},"modified":"2013-10-04T04:49:06","modified_gmt":"2013-10-04T04:49:06","slug":"release","status":"publish","type":"page","link":"https:\/\/ultimato.com.br\/sites\/25-livros-que-todo-cristao-deveria-ler\/extras\/release\/","title":{"rendered":"Release"},"content":{"rendered":"<p>Aqui est\u00e1 o\u00a0<em>press-release<\/em>\u00a0do livro <strong>25 Livros que Todo Crist\u00e3o Deveria Ler<\/strong>\u00a0para voc\u00ea divulgar no seu site, blog, jornal ou outro meio de comunica\u00e7\u00e3o do seu acesso. Ajude-nos a espalhar este conte\u00fado.<\/p>\n<p>&#8211; Arquivo em\u00a0<a href=\"http:\/\/ultimato.com.br\/sites\/25-livros-que-todo-cristao-deveria-ler\/files\/2013\/10\/Release_25_Livros_Out_2013.pdf\" target=\"_blank\">PDF<\/a>.<\/p>\n","protected":false},"excerpt":{"rendered":"<p>Aqui est\u00e1 o\u00a0press-release\u00a0do livro 25 Livros que Todo Crist\u00e3o Deveria Ler\u00a0para voc\u00ea divulgar no seu site, blog, jornal ou outro meio de comunica\u00e7\u00e3o do seu acesso. Ajude-nos a espalhar este conte\u00fado. &#8211; Arquivo em\u00a0PDF.<\/p>\n","protected":false},"author":24,"featured_media":0,"parent":15,"menu_order":5,"comment_status":"open","ping_status":"open","template":"","meta":{"footnotes":""},"class_list":["post-25","page","type-page","status-publish","hentry"],"_links":{"self":[{"href":"https:\/\/ultimato.com.br\/sites\/25-livros-que-todo-cristao-deveria-ler\/wp-json\/wp\/v2\/pages\/25","targetHints":{"allow":["GET"]}}],"collection":[{"href":"https:\/\/ultimato.com.br\/sites\/25-livros-que-todo-cristao-deveria-ler\/wp-json\/wp\/v2\/pages"}],"about":[{"href":"https:\/\/ultimato.com.br\/sites\/25-livros-que-todo-cristao-deveria-ler\/wp-json\/wp\/v2\/types\/page"}],"author":[{"embeddable":true,"href":"https:\/\/ultimato.com.br\/sites\/25-livros-que-todo-cristao-deveria-ler\/wp-json\/wp\/v2\/users\/24"}],"replies":[{"embeddable":true,"href":"https:\/\/ultimato.com.br\/sites\/25-livros-que-todo-cristao-deveria-ler\/wp-json\/wp\/v2\/comments?post=25"}],"version-history":[{"count":4,"href":"https:\/\/ultimato.com.br\/sites\/25-livros-que-todo-cristao-deveria-ler\/wp-json\/wp\/v2\/pages\/25\/revisions"}],"predecessor-version":[{"id":74,"href":"https:\/\/ultimato.com.br\/sites\/25-livros-que-todo-cristao-deveria-ler\/wp-json\/wp\/v2\/pages\/25\/revisions\/74"}],"up":[{"embeddable":true,"href":"https:\/\/ultimato.com.br\/sites\/25-livros-que-todo-cristao-deveria-ler\/wp-json\/wp\/v2\/pages\/15"}],"wp:attachment":[{"href":"https:\/\/ultimato.com.br\/sites\/25-livros-que-todo-cristao-deveria-ler\/wp-json\/wp\/v2\/media?parent=25"}],"curies":[{"name":"wp","href":"https:\/\/api.w.org\/{rel}","templated":true}]}}