{"id":21,"date":"2013-10-03T13:03:59","date_gmt":"2013-10-03T13:03:59","guid":{"rendered":"http:\/\/ultimato.com.br\/sites\/25-livros-que-todo-cristao-deveria-ler\/?page_id=21"},"modified":"2013-10-03T13:36:11","modified_gmt":"2013-10-03T13:36:11","slug":"divulgue","status":"publish","type":"page","link":"https:\/\/ultimato.com.br\/sites\/25-livros-que-todo-cristao-deveria-ler\/extras\/divulgue\/","title":{"rendered":"Divulgue"},"content":{"rendered":"<p><strong>Banner 120&#215;60<\/strong><\/p>\n<table width=\"100%\" border=\"0\" cellspacing=\"0\" cellpadding=\"0\">\n<tbody>\n<tr>\n<td><a href=\"http:\/\/ultimato.com.br\/sites\/25-livros-que-todo-cristao-deveria-ler\/files\/2013\/10\/bannerE_25.gif\"><img loading=\"lazy\" decoding=\"async\" class=\"aligncenter size-full wp-image-36\" title=\"bannerE_25\" alt=\"\" src=\"http:\/\/ultimato.com.br\/sites\/25-livros-que-todo-cristao-deveria-ler\/files\/2013\/10\/bannerE_25.gif\" width=\"120\" height=\"60\" \/><\/a><\/td>\n<\/tr>\n<tr>\n<td style=\"text-align: center;\"><a href=\"http:\/\/ultimato.com.br\/sites\/25-livros-que-todo-cristao-deveria-ler\/files\/2013\/10\/bannerE_25.gif\" target=\"_blank\">[120&#215;60]<\/a><\/td>\n<\/tr>\n<\/tbody>\n<\/table>\n<p><em>C\u00f3digo de incorpora\u00e7\u00e3o:<\/em><br \/>\n&lt;a href=&#8221;http:\/\/ultimato.com.br\/sites\/25-livros-que-todo-cristao-deveria-ler\/&#8221; target=&#8221;_blank&#8221; title=&#8221;25 livros que todo crist\u00e3o deveria ler&#8221;&gt;&lt;img style=&#8221;border: 0px initial initial;&#8221; title=&#8221;Banner 120&#215;60&#8243; src=&#8221;http:\/\/ultimato.com.br\/sites\/25-livros-que-todo-cristao-deveria-ler\/files\/2013\/10\/bannerE_25.gif&#8221; alt=&#8221;&#8221; width=&#8221;120&#8243; height=&#8221;60&#8243; \/&gt;&lt;\/a&gt;<\/p>\n<p>&nbsp;<\/p>\n<p><strong>Banner 120&#215;240<\/strong><\/p>\n<table width=\"100%\" border=\"0\" cellspacing=\"0\" cellpadding=\"0\">\n<tbody>\n<tr>\n<td><a href=\"http:\/\/ultimato.com.br\/sites\/25-livros-que-todo-cristao-deveria-ler\/files\/2013\/10\/bannerD_25.gif\"><img loading=\"lazy\" decoding=\"async\" class=\"aligncenter size-full wp-image-39\" title=\"bannerD_25\" alt=\"\" src=\"http:\/\/ultimato.com.br\/sites\/25-livros-que-todo-cristao-deveria-ler\/files\/2013\/10\/bannerD_25.gif\" width=\"120\" height=\"240\" \/><\/a><\/td>\n<\/tr>\n<tr>\n<td style=\"text-align: center;\"><a href=\"http:\/\/ultimato.com.br\/sites\/25-livros-que-todo-cristao-deveria-ler\/files\/2013\/10\/bannerD_25.gif\" target=\"_blank\">[120&#215;240]<\/a><\/td>\n<\/tr>\n<\/tbody>\n<\/table>\n<p><em>C\u00f3digo de incorpora\u00e7\u00e3o:<\/em><br \/>\n&lt;a href=&#8221;http:\/\/ultimato.com.br\/sites\/25-livros-que-todo-cristao-deveria-ler\/&#8221; target=&#8221;_blank&#8221; title=&#8221;25 livros que todo crist\u00e3o deveria ler&#8221;&gt;&lt;img style=&#8221;border: 0px initial initial;&#8221; title=&#8221;Banner 120&#215;240&#8243; src=&#8221;http:\/\/ultimato.com.br\/sites\/25-livros-que-todo-cristao-deveria-ler\/files\/2013\/10\/bannerD_25.gif&#8221; alt=&#8221;&#8221; width=&#8221;120&#8243; height=&#8221;240&#8243; \/&gt;&lt;\/a&gt;<\/p>\n","protected":false},"excerpt":{"rendered":"<p>Banner 120&#215;60 [120&#215;60] C\u00f3digo de incorpora\u00e7\u00e3o: &lt;a href=&#8221;http:\/\/ultimato.com.br\/sites\/25-livros-que-todo-cristao-deveria-ler\/&#8221; target=&#8221;_blank&#8221; title=&#8221;25 livros que todo crist\u00e3o deveria ler&#8221;&gt;&lt;img style=&#8221;border: 0px initial initial;&#8221; title=&#8221;Banner 120&#215;60&#8243; src=&#8221;http:\/\/ultimato.com.br\/sites\/25-livros-que-todo-cristao-deveria-ler\/files\/2013\/10\/bannerE_25.gif&#8221; alt=&#8221;&#8221; width=&#8221;120&#8243; height=&#8221;60&#8243; \/&gt;&lt;\/a&gt; &nbsp; Banner 120&#215;240 [120&#215;240] C\u00f3digo de incorpora\u00e7\u00e3o: &lt;a href=&#8221;http:\/\/ultimato.com.br\/sites\/25-livros-que-todo-cristao-deveria-ler\/&#8221; target=&#8221;_blank&#8221; title=&#8221;25 livros que todo crist\u00e3o deveria ler&#8221;&gt;&lt;img style=&#8221;border: 0px initial initial;&#8221; title=&#8221;Banner 120&#215;240&#8243; src=&#8221;http:\/\/ultimato.com.br\/sites\/25-livros-que-todo-cristao-deveria-ler\/files\/2013\/10\/bannerD_25.gif&#8221; alt=&#8221;&#8221; width=&#8221;120&#8243; height=&#8221;240&#8243; \/&gt;&lt;\/a&gt;<\/p>\n","protected":false},"author":24,"featured_media":0,"parent":15,"menu_order":3,"comment_status":"open","ping_status":"open","template":"","meta":{"footnotes":""},"class_list":["post-21","page","type-page","status-publish","hentry"],"_links":{"self":[{"href":"https:\/\/ultimato.com.br\/sites\/25-livros-que-todo-cristao-deveria-ler\/wp-json\/wp\/v2\/pages\/21","targetHints":{"allow":["GET"]}}],"collection":[{"href":"https:\/\/ultimato.com.br\/sites\/25-livros-que-todo-cristao-deveria-ler\/wp-json\/wp\/v2\/pages"}],"about":[{"href":"https:\/\/ultimato.com.br\/sites\/25-livros-que-todo-cristao-deveria-ler\/wp-json\/wp\/v2\/types\/page"}],"author":[{"embeddable":true,"href":"https:\/\/ultimato.com.br\/sites\/25-livros-que-todo-cristao-deveria-ler\/wp-json\/wp\/v2\/users\/24"}],"replies":[{"embeddable":true,"href":"https:\/\/ultimato.com.br\/sites\/25-livros-que-todo-cristao-deveria-ler\/wp-json\/wp\/v2\/comments?post=21"}],"version-history":[{"count":5,"href":"https:\/\/ultimato.com.br\/sites\/25-livros-que-todo-cristao-deveria-ler\/wp-json\/wp\/v2\/pages\/21\/revisions"}],"predecessor-version":[{"id":60,"href":"https:\/\/ultimato.com.br\/sites\/25-livros-que-todo-cristao-deveria-ler\/wp-json\/wp\/v2\/pages\/21\/revisions\/60"}],"up":[{"embeddable":true,"href":"https:\/\/ultimato.com.br\/sites\/25-livros-que-todo-cristao-deveria-ler\/wp-json\/wp\/v2\/pages\/15"}],"wp:attachment":[{"href":"https:\/\/ultimato.com.br\/sites\/25-livros-que-todo-cristao-deveria-ler\/wp-json\/wp\/v2\/media?parent=21"}],"curies":[{"name":"wp","href":"https:\/\/api.w.org\/{rel}","templated":true}]}}