{"id":11,"date":"2013-10-03T13:02:38","date_gmt":"2013-10-03T13:02:38","guid":{"rendered":"http:\/\/ultimato.com.br\/sites\/25-livros-que-todo-cristao-deveria-ler\/?page_id=11"},"modified":"2013-10-03T13:22:59","modified_gmt":"2013-10-03T13:22:59","slug":"o-que-disseram","status":"publish","type":"page","link":"https:\/\/ultimato.com.br\/sites\/25-livros-que-todo-cristao-deveria-ler\/o-que-disseram\/","title":{"rendered":"O que disseram"},"content":{"rendered":"<blockquote><p>Em toda a hist\u00f3ria da f\u00e9 crist\u00e3, os crist\u00e3os foram transformados pela leitura espiritual. Nossa principal fonte sempre foi a B\u00edblia, contudo nossa vida de f\u00e9 foi moldada tamb\u00e9m pelos escritos de muitos crist\u00e3os que procuravam interpretar a B\u00edblia, ampliar seu entendimento e viver a vida crist\u00e3.<\/p>\n<p>Tais escritos servem n\u00e3o s\u00f3 como lentes para revelar e esclarecer a mensagem b\u00edblica, mas tamb\u00e9m como testemunhos e guias de crist\u00e3os que percorreram o mesmo caminho antes de n\u00f3s. Reconhecemos que esses autores alcan\u00e7aram a semelhan\u00e7a de Cristo de um modo que gostar\u00edamos de imitar; portanto, ao ler suas obras, n\u00f3s tamb\u00e9m esperamos ser transformados da mesma maneira como eles o foram.<\/p><\/blockquote>\n<p><i>Julia L. Roller<\/i><\/p>\n<p>&nbsp;<\/p>\n<blockquote><p>Assim como todo fil\u00f3sofo s\u00e9rio ir\u00e1, em algum momento, esfor\u00e7ar-se para compreender Arist\u00f3teles, e todo ator, para compreender Shakespeare, tamb\u00e9m todo aquele que deseja seriamente aprender o que significa seguir a Cristo sem reservas, de cora\u00e7\u00e3o e alma, <i>deve <\/i>esfor\u00e7ar-se em compreender esses escritos. Essa rela\u00e7\u00e3o de 25 livros n\u00e3o \u00e9 final, completa ou definitiva. Mas ela representa o melhor que os crist\u00e3os t\u00eam a oferecer.<\/p><\/blockquote>\n<p><i>Chris Webb<\/i><\/p>\n","protected":false},"excerpt":{"rendered":"<p>Em toda a hist\u00f3ria da f\u00e9 crist\u00e3, os crist\u00e3os foram transformados pela leitura espiritual. Nossa principal fonte sempre foi a B\u00edblia, contudo nossa vida de f\u00e9 foi moldada tamb\u00e9m pelos escritos de muitos crist\u00e3os que procuravam interpretar a B\u00edblia, ampliar seu entendimento e viver a vida crist\u00e3. Tais escritos servem n\u00e3o s\u00f3 como lentes para [&hellip;]<\/p>\n","protected":false},"author":24,"featured_media":0,"parent":0,"menu_order":4,"comment_status":"open","ping_status":"open","template":"","meta":{"footnotes":""},"class_list":["post-11","page","type-page","status-publish","hentry"],"_links":{"self":[{"href":"https:\/\/ultimato.com.br\/sites\/25-livros-que-todo-cristao-deveria-ler\/wp-json\/wp\/v2\/pages\/11","targetHints":{"allow":["GET"]}}],"collection":[{"href":"https:\/\/ultimato.com.br\/sites\/25-livros-que-todo-cristao-deveria-ler\/wp-json\/wp\/v2\/pages"}],"about":[{"href":"https:\/\/ultimato.com.br\/sites\/25-livros-que-todo-cristao-deveria-ler\/wp-json\/wp\/v2\/types\/page"}],"author":[{"embeddable":true,"href":"https:\/\/ultimato.com.br\/sites\/25-livros-que-todo-cristao-deveria-ler\/wp-json\/wp\/v2\/users\/24"}],"replies":[{"embeddable":true,"href":"https:\/\/ultimato.com.br\/sites\/25-livros-que-todo-cristao-deveria-ler\/wp-json\/wp\/v2\/comments?post=11"}],"version-history":[{"count":2,"href":"https:\/\/ultimato.com.br\/sites\/25-livros-que-todo-cristao-deveria-ler\/wp-json\/wp\/v2\/pages\/11\/revisions"}],"predecessor-version":[{"id":46,"href":"https:\/\/ultimato.com.br\/sites\/25-livros-que-todo-cristao-deveria-ler\/wp-json\/wp\/v2\/pages\/11\/revisions\/46"}],"wp:attachment":[{"href":"https:\/\/ultimato.com.br\/sites\/25-livros-que-todo-cristao-deveria-ler\/wp-json\/wp\/v2\/media?parent=11"}],"curies":[{"name":"wp","href":"https:\/\/api.w.org\/{rel}","templated":true}]}}